{"id":987,"date":"2025-12-08T08:13:40","date_gmt":"2025-12-08T07:13:40","guid":{"rendered":"https:\/\/filtrovivo.cl\/?page_id=987"},"modified":"2026-03-10T19:03:25","modified_gmt":"2026-03-10T18:03:25","slug":"casos-de-exito","status":"publish","type":"page","link":"https:\/\/filtrovivo.cl\/en\/casos-de-exito\/","title":{"rendered":"Casos de exito"},"content":{"rendered":"<div data-elementor-type=\"wp-page\" data-elementor-id=\"987\" class=\"elementor elementor-987\" data-elementor-post-type=\"page\">\n\t\t\t\t<div class=\"elementor-element elementor-element-2e3b4ecc e-con-full elementor-hidden-mobile e-flex e-con e-parent\" data-id=\"2e3b4ecc\" data-element_type=\"container\" data-settings=\"{&quot;background_background&quot;:&quot;classic&quot;,&quot;sticky&quot;:&quot;top&quot;,&quot;sticky_offset&quot;:16,&quot;sticky_on&quot;:[&quot;desktop&quot;,&quot;tablet&quot;,&quot;mobile&quot;],&quot;sticky_effects_offset&quot;:0,&quot;sticky_anchor_link_offset&quot;:0}\">\n\t\t<div class=\"elementor-element elementor-element-5b8a4ac9 e-con-full e-flex e-con e-child\" data-id=\"5b8a4ac9\" data-element_type=\"container\">\n\t\t\t\t<div class=\"elementor-element elementor-element-23753880 elementor-widget elementor-widget-heading\" data-id=\"23753880\" data-element_type=\"widget\" data-widget_type=\"heading.default\">\n\t\t\t\t\t<h2 class=\"elementor-heading-title elementor-size-default\"><a href=\"https:\/\/filtrovivo.cl\/en\/casos-de-exito\/\">Our Work<\/a><\/h2>\t\t\t\t<\/div>\n\t\t\t\t<div class=\"elementor-element elementor-element-32cc6ca8 elementor-widget elementor-widget-heading\" data-id=\"32cc6ca8\" data-element_type=\"widget\" data-widget_type=\"heading.default\">\n\t\t\t\t\t<h2 class=\"elementor-heading-title elementor-size-default\"><a href=\"https:\/\/filtrovivo.cl\/en\/quienes-somos\/\">Qui\u00e9nes somos<\/a><\/h2>\t\t\t\t<\/div>\n\t\t\t\t<\/div>\n\t\t\t\t<div class=\"elementor-element elementor-element-72eb8304 elementor-widget elementor-widget-theme-site-logo elementor-widget-image\" data-id=\"72eb8304\" data-element_type=\"widget\" data-widget_type=\"theme-site-logo.default\">\n\t\t\t\t\t\t\t\t\t\t\t<a href=\"https:\/\/filtrovivo.cl\/en\">\n\t\t\t<img decoding=\"async\" width=\"59\" height=\"59\" src=\"https:\/\/filtrovivo.cl\/wp-content\/uploads\/2025\/12\/Iso_Black.svg\" class=\"attachment-full size-full wp-image-885\" alt=\"\" \/>\t\t\t\t<\/a>\n\t\t\t\t\t\t\t\t\t\t\t<\/div>\n\t\t<div class=\"elementor-element elementor-element-9124a9a e-con-full e-flex e-con e-child\" data-id=\"9124a9a\" data-element_type=\"container\">\n\t\t\t\t<div class=\"elementor-element elementor-element-60f54a14 elementor-widget elementor-widget-heading\" data-id=\"60f54a14\" data-element_type=\"widget\" data-widget_type=\"heading.default\">\n\t\t\t\t\t<h2 class=\"elementor-heading-title elementor-size-default\"><a href=\"https:\/\/filtrovivo.cl\/en\/contacto\/\">Let's Talk<\/a><\/h2>\t\t\t\t<\/div>\n\t\t\t\t<\/div>\n\t\t\t\t<\/div>\n\t\t<div class=\"elementor-element elementor-element-6152b560 e-con-full elementor-hidden-desktop elementor-hidden-tablet e-flex e-con e-parent\" data-id=\"6152b560\" data-element_type=\"container\" data-settings=\"{&quot;background_background&quot;:&quot;classic&quot;,&quot;sticky&quot;:&quot;top&quot;,&quot;sticky_offset&quot;:16,&quot;sticky_offset_mobile&quot;:0,&quot;sticky_on&quot;:[&quot;desktop&quot;,&quot;tablet&quot;,&quot;mobile&quot;],&quot;sticky_effects_offset&quot;:0,&quot;sticky_anchor_link_offset&quot;:0}\">\n\t\t\t\t<div class=\"elementor-element elementor-element-41509985 elementor-widget elementor-widget-theme-site-logo elementor-widget-image\" data-id=\"41509985\" data-element_type=\"widget\" data-widget_type=\"theme-site-logo.default\">\n\t\t\t\t\t\t\t\t\t\t\t<a href=\"https:\/\/filtrovivo.cl\/en\">\n\t\t\t<img decoding=\"async\" width=\"59\" height=\"59\" src=\"https:\/\/filtrovivo.cl\/wp-content\/uploads\/2025\/12\/Iso_Black.svg\" class=\"attachment-full size-full wp-image-885\" alt=\"\" \/>\t\t\t\t<\/a>\n\t\t\t\t\t\t\t\t\t\t\t<\/div>\n\t\t<div class=\"elementor-element elementor-element-181d352f e-con-full e-flex e-con e-child\" data-id=\"181d352f\" data-element_type=\"container\">\n\t\t\t\t<div class=\"elementor-element elementor-element-2eec85a1 elementor-widget elementor-widget-heading\" data-id=\"2eec85a1\" data-element_type=\"widget\" data-widget_type=\"heading.default\">\n\t\t\t\t\t<h2 class=\"elementor-heading-title elementor-size-default\"><a href=\"https:\/\/filtrovivo.cl\/en\/casos-de-exito\/\">Our Work<\/a><\/h2>\t\t\t\t<\/div>\n\t\t\t\t<div class=\"elementor-element elementor-element-64e87076 elementor-widget elementor-widget-heading\" data-id=\"64e87076\" data-element_type=\"widget\" data-widget_type=\"heading.default\">\n\t\t\t\t\t<h2 class=\"elementor-heading-title elementor-size-default\"><a href=\"https:\/\/filtrovivo.cl\/en\/quienes-somos\/\">About Us<\/a><\/h2>\t\t\t\t<\/div>\n\t\t\t\t<div class=\"elementor-element elementor-element-50c694f5 elementor-widget elementor-widget-heading\" data-id=\"50c694f5\" data-element_type=\"widget\" data-widget_type=\"heading.default\">\n\t\t\t\t\t<h2 class=\"elementor-heading-title elementor-size-default\"><a href=\"https:\/\/filtrovivo.cl\/en\/contacto\/\">Let's Talk<\/a><\/h2>\t\t\t\t<\/div>\n\t\t\t\t<\/div>\n\t\t\t\t<\/div>\n\t\t<div class=\"elementor-element elementor-element-d32932c e-con-full e-flex e-con e-parent\" data-id=\"d32932c\" data-element_type=\"container\" data-settings=\"{&quot;background_background&quot;:&quot;classic&quot;}\">\n\t\t\t\t<div class=\"elementor-element elementor-element-0b1417c elementor-widget elementor-widget-heading\" data-id=\"0b1417c\" data-element_type=\"widget\" data-widget_type=\"heading.default\">\n\t\t\t\t\t<h2 class=\"elementor-heading-title elementor-size-default\">Our Work<\/h2>\t\t\t\t<\/div>\n\t\t\t\t<div class=\"elementor-element elementor-element-a02b4f0 elementor-widget__width-initial elementor-widget-mobile__width-inherit elementor-widget elementor-widget-text-editor\" data-id=\"a02b4f0\" data-element_type=\"widget\" data-widget_type=\"text-editor.default\">\n\t\t\t\t\t\t\t\t\t<p class=\"p1\">Our work demonstrates that living technology, in addition to complying with standards, transforms the air and the environment.<\/p><p class=\"p1\">We work alongside companies seeking real solutions for industrial odor control, particulate matter reduction, and air purification in a sustainable manner. Our plant biofiltration systems combine engineering, biotechnology, and nature to achieve measurable results with certified efficiency and low energy consumption.<\/p>\t\t\t\t\t\t\t\t<\/div>\n\t\t\t\t<\/div>\n\t\t<div class=\"elementor-element elementor-element-c927bd1 e-con-full e-flex e-con e-parent\" data-id=\"c927bd1\" data-element_type=\"container\" data-settings=\"{&quot;background_background&quot;:&quot;video&quot;,&quot;background_video_link&quot;:&quot;https:\\\/\\\/filtrovivo.cl\\\/wp-content\\\/uploads\\\/2025\\\/12\\\/Filtro-BG_1.mp4&quot;,&quot;background_play_on_mobile&quot;:&quot;yes&quot;}\">\n\t\t<div class=\"elementor-background-video-container\" aria-hidden=\"true\">\n\t\t\t\t\t\t\t<video class=\"elementor-background-video-hosted\" autoplay muted playsinline loop><\/video>\n\t\t\t\t\t<\/div>\t\t<\/div>\n\t\t<div class=\"elementor-element elementor-element-56a0caf e-con-full e-flex e-con e-parent\" data-id=\"56a0caf\" data-element_type=\"container\" data-settings=\"{&quot;background_background&quot;:&quot;classic&quot;}\">\n\t\t\t\t<div class=\"elementor-element elementor-element-4597372 elementor-widget elementor-widget-spacer\" data-id=\"4597372\" data-element_type=\"widget\" data-widget_type=\"spacer.default\">\n\t\t\t\t\t\t\t<div class=\"elementor-spacer\">\n\t\t\t<div class=\"elementor-spacer-inner\"><\/div>\n\t\t<\/div>\n\t\t\t\t\t\t<\/div>\n\t\t\t\t<\/div>\n\t\t<div class=\"elementor-element elementor-element-5c5b338 e-con-full e-flex e-con e-parent\" data-id=\"5c5b338\" data-element_type=\"container\" data-settings=\"{&quot;background_background&quot;:&quot;classic&quot;}\">\n\t\t<div class=\"elementor-element elementor-element-ef21ce3 e-con-full animated-fast e-flex elementor-invisible e-con e-child\" data-id=\"ef21ce3\" data-element_type=\"container\" data-settings=\"{&quot;animation&quot;:&quot;fadeInUp&quot;}\">\n\t\t\t\t<div class=\"elementor-element elementor-element-2c76ca3 elementor-widget elementor-widget-image\" data-id=\"2c76ca3\" data-element_type=\"widget\" data-widget_type=\"image.default\">\n\t\t\t\t\t\t\t\t\t\t\t\t\t\t\t<img fetchpriority=\"high\" decoding=\"async\" width=\"1500\" height=\"1015\" src=\"https:\/\/filtrovivo.cl\/wp-content\/uploads\/2025\/12\/FV_039_.jpg\" class=\"attachment-full size-full wp-image-993\" alt=\"\" srcset=\"https:\/\/filtrovivo.cl\/wp-content\/uploads\/2025\/12\/FV_039_.jpg 1500w, https:\/\/filtrovivo.cl\/wp-content\/uploads\/2025\/12\/FV_039_-300x203.jpg 300w, https:\/\/filtrovivo.cl\/wp-content\/uploads\/2025\/12\/FV_039_-1024x693.jpg 1024w, https:\/\/filtrovivo.cl\/wp-content\/uploads\/2025\/12\/FV_039_-768x520.jpg 768w\" sizes=\"(max-width: 1500px) 100vw, 1500px\" \/>\t\t\t\t\t\t\t\t\t\t\t\t\t\t\t<\/div>\n\t\t\t\t<div class=\"elementor-element elementor-element-e27c8b9 elementor-widget elementor-widget-heading\" data-id=\"e27c8b9\" data-element_type=\"widget\" data-widget_type=\"heading.default\">\n\t\t\t\t\t<h2 class=\"elementor-heading-title elementor-size-default\">CRAMER<\/h2>\t\t\t\t<\/div>\n\t\t\t\t<div class=\"elementor-element elementor-element-f07a80e elementor-widget elementor-widget-heading\" data-id=\"f07a80e\" data-element_type=\"widget\" data-widget_type=\"heading.default\">\n\t\t\t\t\t<h2 class=\"elementor-heading-title elementor-size-default\">odor control<\/h2>\t\t\t\t<\/div>\n\t\t\t\t<div class=\"elementor-element elementor-element-9f7ebfe elementor-widget elementor-widget-button\" data-id=\"9f7ebfe\" data-element_type=\"widget\" data-widget_type=\"button.default\">\n\t\t\t\t\t\t\t\t\t\t<a class=\"elementor-button elementor-button-link elementor-size-sm\" href=\"https:\/\/filtrovivo.cl\/en\/cramer\/\">\n\t\t\t\t\t\t<span class=\"elementor-button-content-wrapper\">\n\t\t\t\t\t\t\t\t\t<span class=\"elementor-button-text\">VIEW PROJECT<\/span>\n\t\t\t\t\t<\/span>\n\t\t\t\t\t<\/a>\n\t\t\t\t\t\t\t\t<\/div>\n\t\t\t\t<\/div>\n\t\t<div class=\"elementor-element elementor-element-d2107f9 e-con-full animated-fast e-flex elementor-invisible e-con e-child\" data-id=\"d2107f9\" data-element_type=\"container\" data-settings=\"{&quot;animation&quot;:&quot;fadeInUp&quot;,&quot;animation_delay&quot;:200}\">\n\t\t\t\t<div class=\"elementor-element elementor-element-98d3639 elementor-widget elementor-widget-image\" data-id=\"98d3639\" data-element_type=\"widget\" data-widget_type=\"image.default\">\n\t\t\t\t\t\t\t\t\t\t\t\t\t\t\t<img decoding=\"async\" width=\"1536\" height=\"1024\" src=\"https:\/\/filtrovivo.cl\/wp-content\/uploads\/2026\/03\/ChatGPT-Image-10-mar-2026-01_34_15-p.m.png\" class=\"attachment-full size-full wp-image-1513\" alt=\"\" srcset=\"https:\/\/filtrovivo.cl\/wp-content\/uploads\/2026\/03\/ChatGPT-Image-10-mar-2026-01_34_15-p.m.png 1536w, https:\/\/filtrovivo.cl\/wp-content\/uploads\/2026\/03\/ChatGPT-Image-10-mar-2026-01_34_15-p.m-300x200.png 300w, https:\/\/filtrovivo.cl\/wp-content\/uploads\/2026\/03\/ChatGPT-Image-10-mar-2026-01_34_15-p.m-1024x683.png 1024w, https:\/\/filtrovivo.cl\/wp-content\/uploads\/2026\/03\/ChatGPT-Image-10-mar-2026-01_34_15-p.m-768x512.png 768w, https:\/\/filtrovivo.cl\/wp-content\/uploads\/2026\/03\/ChatGPT-Image-10-mar-2026-01_34_15-p.m-18x12.png 18w, https:\/\/filtrovivo.cl\/wp-content\/uploads\/2026\/03\/ChatGPT-Image-10-mar-2026-01_34_15-p.m-1320x880.png 1320w\" sizes=\"(max-width: 1536px) 100vw, 1536px\" \/>\t\t\t\t\t\t\t\t\t\t\t\t\t\t\t<\/div>\n\t\t\t\t<div class=\"elementor-element elementor-element-a0473dd elementor-widget elementor-widget-heading\" data-id=\"a0473dd\" data-element_type=\"widget\" data-widget_type=\"heading.default\">\n\t\t\t\t\t<h2 class=\"elementor-heading-title elementor-size-default\">COMAFRI<\/h2>\t\t\t\t<\/div>\n\t\t\t\t<div class=\"elementor-element elementor-element-b32839e elementor-widget elementor-widget-heading\" data-id=\"b32839e\" data-element_type=\"widget\" data-widget_type=\"heading.default\">\n\t\t\t\t\t<h2 class=\"elementor-heading-title elementor-size-default\">Particulate matter<\/h2>\t\t\t\t<\/div>\n\t\t\t\t<div class=\"elementor-element elementor-element-519154d elementor-widget elementor-widget-button\" data-id=\"519154d\" data-element_type=\"widget\" data-widget_type=\"button.default\">\n\t\t\t\t\t\t\t\t\t\t<a class=\"elementor-button elementor-button-link elementor-size-sm\" href=\"https:\/\/filtrovivo.cl\/en\/comafri\/\">\n\t\t\t\t\t\t<span class=\"elementor-button-content-wrapper\">\n\t\t\t\t\t\t\t\t\t<span class=\"elementor-button-text\">VIEW PROJECT<\/span>\n\t\t\t\t\t<\/span>\n\t\t\t\t\t<\/a>\n\t\t\t\t\t\t\t\t<\/div>\n\t\t\t\t<\/div>\n\t\t\t\t<\/div>\n\t\t<div class=\"elementor-element elementor-element-8558886 e-con-full e-flex e-con e-parent\" data-id=\"8558886\" data-element_type=\"container\" data-settings=\"{&quot;background_background&quot;:&quot;classic&quot;}\">\n\t\t<div class=\"elementor-element elementor-element-ba27893 e-con-full animated-fast e-flex elementor-invisible e-con e-child\" data-id=\"ba27893\" data-element_type=\"container\" data-settings=\"{&quot;animation&quot;:&quot;fadeInUp&quot;}\">\n\t\t\t\t<div class=\"elementor-element elementor-element-b557231 elementor-widget elementor-widget-image\" data-id=\"b557231\" data-element_type=\"widget\" data-widget_type=\"image.default\">\n\t\t\t\t\t\t\t\t\t\t\t\t\t\t\t<img loading=\"lazy\" decoding=\"async\" width=\"1920\" height=\"1080\" src=\"https:\/\/filtrovivo.cl\/wp-content\/uploads\/2026\/01\/HORIZONTAL_006.jpg\" class=\"attachment-full size-full wp-image-1328\" alt=\"\" srcset=\"https:\/\/filtrovivo.cl\/wp-content\/uploads\/2026\/01\/HORIZONTAL_006.jpg 1920w, https:\/\/filtrovivo.cl\/wp-content\/uploads\/2026\/01\/HORIZONTAL_006-300x169.jpg 300w, https:\/\/filtrovivo.cl\/wp-content\/uploads\/2026\/01\/HORIZONTAL_006-1024x576.jpg 1024w, https:\/\/filtrovivo.cl\/wp-content\/uploads\/2026\/01\/HORIZONTAL_006-768x432.jpg 768w, https:\/\/filtrovivo.cl\/wp-content\/uploads\/2026\/01\/HORIZONTAL_006-1536x864.jpg 1536w, https:\/\/filtrovivo.cl\/wp-content\/uploads\/2026\/01\/HORIZONTAL_006-18x10.jpg 18w\" sizes=\"(max-width: 1920px) 100vw, 1920px\" \/>\t\t\t\t\t\t\t\t\t\t\t\t\t\t\t<\/div>\n\t\t\t\t<div class=\"elementor-element elementor-element-ca0ac58 elementor-widget elementor-widget-heading\" data-id=\"ca0ac58\" data-element_type=\"widget\" data-widget_type=\"heading.default\">\n\t\t\t\t\t<h2 class=\"elementor-heading-title elementor-size-default\">MATTHEI<\/h2>\t\t\t\t<\/div>\n\t\t\t\t<div class=\"elementor-element elementor-element-08b5d4e elementor-widget elementor-widget-heading\" data-id=\"08b5d4e\" data-element_type=\"widget\" data-widget_type=\"heading.default\">\n\t\t\t\t\t<h2 class=\"elementor-heading-title elementor-size-default\">Particulate matter<\/h2>\t\t\t\t<\/div>\n\t\t\t\t<div class=\"elementor-element elementor-element-6ccb615 elementor-widget elementor-widget-button\" data-id=\"6ccb615\" data-element_type=\"widget\" data-widget_type=\"button.default\">\n\t\t\t\t\t\t\t\t\t\t<a class=\"elementor-button elementor-button-link elementor-size-sm\" href=\"https:\/\/filtrovivo.cl\/en\/matthei\/\">\n\t\t\t\t\t\t<span class=\"elementor-button-content-wrapper\">\n\t\t\t\t\t\t\t\t\t<span class=\"elementor-button-text\">VIEW PROJECT<\/span>\n\t\t\t\t\t<\/span>\n\t\t\t\t\t<\/a>\n\t\t\t\t\t\t\t\t<\/div>\n\t\t\t\t<\/div>\n\t\t<div class=\"elementor-element elementor-element-179052e e-con-full animated-fast e-flex elementor-invisible e-con e-child\" data-id=\"179052e\" data-element_type=\"container\" data-settings=\"{&quot;animation&quot;:&quot;fadeInUp&quot;,&quot;animation_delay&quot;:200}\">\n\t\t\t\t<div class=\"elementor-element elementor-element-3c39848 elementor-widget elementor-widget-image\" data-id=\"3c39848\" data-element_type=\"widget\" data-widget_type=\"image.default\">\n\t\t\t\t\t\t\t\t\t\t\t\t\t\t\t<img loading=\"lazy\" decoding=\"async\" width=\"1440\" height=\"960\" src=\"https:\/\/filtrovivo.cl\/wp-content\/uploads\/2026\/01\/475973218_947284997545030_4657196696444399600_n.jpg\" class=\"attachment-full size-full wp-image-1371\" alt=\"\" srcset=\"https:\/\/filtrovivo.cl\/wp-content\/uploads\/2026\/01\/475973218_947284997545030_4657196696444399600_n.jpg 1440w, https:\/\/filtrovivo.cl\/wp-content\/uploads\/2026\/01\/475973218_947284997545030_4657196696444399600_n-300x200.jpg 300w, https:\/\/filtrovivo.cl\/wp-content\/uploads\/2026\/01\/475973218_947284997545030_4657196696444399600_n-1024x683.jpg 1024w, https:\/\/filtrovivo.cl\/wp-content\/uploads\/2026\/01\/475973218_947284997545030_4657196696444399600_n-768x512.jpg 768w, https:\/\/filtrovivo.cl\/wp-content\/uploads\/2026\/01\/475973218_947284997545030_4657196696444399600_n-18x12.jpg 18w\" sizes=\"(max-width: 1440px) 100vw, 1440px\" \/>\t\t\t\t\t\t\t\t\t\t\t\t\t\t\t<\/div>\n\t\t\t\t<div class=\"elementor-element elementor-element-125d407 elementor-widget elementor-widget-heading\" data-id=\"125d407\" data-element_type=\"widget\" data-widget_type=\"heading.default\">\n\t\t\t\t\t<h2 class=\"elementor-heading-title elementor-size-default\">YUK\u00d3N<\/h2>\t\t\t\t<\/div>\n\t\t\t\t<div class=\"elementor-element elementor-element-18a1006 elementor-widget elementor-widget-heading\" data-id=\"18a1006\" data-element_type=\"widget\" data-widget_type=\"heading.default\">\n\t\t\t\t\t<h2 class=\"elementor-heading-title elementor-size-default\">Particulate matter<\/h2>\t\t\t\t<\/div>\n\t\t\t\t<div class=\"elementor-element elementor-element-41b92c9 elementor-widget elementor-widget-button\" data-id=\"41b92c9\" data-element_type=\"widget\" data-widget_type=\"button.default\">\n\t\t\t\t\t\t\t\t\t\t<a class=\"elementor-button elementor-button-link elementor-size-sm\" href=\"https:\/\/filtrovivo.cl\/en\/yukon\/\">\n\t\t\t\t\t\t<span class=\"elementor-button-content-wrapper\">\n\t\t\t\t\t\t\t\t\t<span class=\"elementor-button-text\">VIEW PROJECT<\/span>\n\t\t\t\t\t<\/span>\n\t\t\t\t\t<\/a>\n\t\t\t\t\t\t\t\t<\/div>\n\t\t\t\t<\/div>\n\t\t\t\t<\/div>\n\t\t<div class=\"elementor-element elementor-element-04be7d4 e-con-full e-flex e-con e-parent\" data-id=\"04be7d4\" data-element_type=\"container\" data-settings=\"{&quot;background_background&quot;:&quot;classic&quot;}\">\n\t\t\t\t<div class=\"elementor-element elementor-element-b4f8e27 elementor-widget elementor-widget-spacer\" data-id=\"b4f8e27\" data-element_type=\"widget\" data-widget_type=\"spacer.default\">\n\t\t\t\t\t\t\t<div class=\"elementor-spacer\">\n\t\t\t<div class=\"elementor-spacer-inner\"><\/div>\n\t\t<\/div>\n\t\t\t\t\t\t<\/div>\n\t\t\t\t<\/div>\n\t\t<div class=\"elementor-element elementor-element-221f412 e-con-full e-flex e-con e-parent\" data-id=\"221f412\" data-element_type=\"container\" data-settings=\"{&quot;background_background&quot;:&quot;classic&quot;,&quot;sticky&quot;:&quot;bottom&quot;,&quot;sticky_on&quot;:[&quot;desktop&quot;,&quot;tablet&quot;,&quot;mobile&quot;],&quot;sticky_offset&quot;:0,&quot;sticky_effects_offset&quot;:0,&quot;sticky_anchor_link_offset&quot;:0}\">\n\t\t<div class=\"elementor-element elementor-element-816666d e-con-full e-flex e-con e-child\" data-id=\"816666d\" data-element_type=\"container\">\n\t\t\t\t<div class=\"elementor-element elementor-element-13f44a8f elementor-widget elementor-widget-image\" data-id=\"13f44a8f\" data-element_type=\"widget\" data-widget_type=\"image.default\">\n\t\t\t\t\t\t\t\t\t\t\t\t\t\t\t\t<a href=\"https:\/\/filtrovivo.cl\/en\/\">\n\t\t\t\t\t\t\t<img loading=\"lazy\" decoding=\"async\" width=\"59\" height=\"59\" src=\"https:\/\/filtrovivo.cl\/wp-content\/uploads\/2025\/12\/Iso_White.svg\" class=\"attachment-large size-large wp-image-882\" alt=\"\" \/>\t\t\t\t\t\t\t\t<\/a>\n\t\t\t\t\t\t\t\t\t\t\t\t\t\t\t<\/div>\n\t\t<div class=\"elementor-element elementor-element-535b3b6a e-con-full e-flex e-con e-child\" data-id=\"535b3b6a\" data-element_type=\"container\">\n\t\t<div class=\"elementor-element elementor-element-2ac1b231 e-con-full e-flex e-con e-child\" data-id=\"2ac1b231\" data-element_type=\"container\">\n\t\t\t\t<div class=\"elementor-element elementor-element-2f4b4f82 elementor-widget elementor-widget-heading\" data-id=\"2f4b4f82\" data-element_type=\"widget\" data-widget_type=\"heading.default\">\n\t\t\t\t\t<h2 class=\"elementor-heading-title elementor-size-default\"><a href=\"https:\/\/filtrovivo.cl\/en\/casos-de-exito\/\">Our Work<\/a><\/h2>\t\t\t\t<\/div>\n\t\t\t\t<div class=\"elementor-element elementor-element-55fa2077 elementor-widget elementor-widget-heading\" data-id=\"55fa2077\" data-element_type=\"widget\" data-widget_type=\"heading.default\">\n\t\t\t\t\t<h2 class=\"elementor-heading-title elementor-size-default\"><a href=\"https:\/\/filtrovivo.cl\/en\/quienes-somos\/\">Qui\u00e9nes somos<\/a><\/h2>\t\t\t\t<\/div>\n\t\t\t\t<div class=\"elementor-element elementor-element-5d868191 elementor-widget elementor-widget-heading\" data-id=\"5d868191\" data-element_type=\"widget\" data-widget_type=\"heading.default\">\n\t\t\t\t\t<h2 class=\"elementor-heading-title elementor-size-default\"><a href=\"https:\/\/filtrovivo.cl\/en\/contacto\/\">Let's Talk<\/a><\/h2>\t\t\t\t<\/div>\n\t\t\t\t<\/div>\n\t\t<div class=\"elementor-element elementor-element-5b51431e e-con-full e-flex e-con e-child\" data-id=\"5b51431e\" data-element_type=\"container\">\n\t\t\t\t<div class=\"elementor-element elementor-element-2b4dfde6 e-grid-align-right elementor-shape-rounded elementor-grid-0 elementor-widget elementor-widget-social-icons\" data-id=\"2b4dfde6\" data-element_type=\"widget\" data-widget_type=\"social-icons.default\">\n\t\t\t\t\t\t\t<div class=\"elementor-social-icons-wrapper elementor-grid\" role=\"list\">\n\t\t\t\t\t\t\t<span class=\"elementor-grid-item\" role=\"listitem\">\n\t\t\t\t\t<a class=\"elementor-icon elementor-social-icon elementor-social-icon-instagram elementor-repeater-item-a5b6f84\" href=\"https:\/\/www.instagram.com\/filtrovivo?igsh=emJhZ2lxdG1nYnlz&#038;utm_source=qr\" target=\"_blank\">\n\t\t\t\t\t\t<span class=\"elementor-screen-only\">Instagram<\/span>\n\t\t\t\t\t\t<svg aria-hidden=\"true\" class=\"e-font-icon-svg e-fab-instagram\" viewbox=\"0 0 448 512\" xmlns=\"http:\/\/www.w3.org\/2000\/svg\"><path d=\"M224.1 141c-63.6 0-114.9 51.3-114.9 114.9s51.3 114.9 114.9 114.9S339 319.5 339 255.9 287.7 141 224.1 141zm0 189.6c-41.1 0-74.7-33.5-74.7-74.7s33.5-74.7 74.7-74.7 74.7 33.5 74.7 74.7-33.6 74.7-74.7 74.7zm146.4-194.3c0 14.9-12 26.8-26.8 26.8-14.9 0-26.8-12-26.8-26.8s12-26.8 26.8-26.8 26.8 12 26.8 26.8zm76.1 27.2c-1.7-35.9-9.9-67.7-36.2-93.9-26.2-26.2-58-34.4-93.9-36.2-37-2.1-147.9-2.1-184.9 0-35.8 1.7-67.6 9.9-93.9 36.1s-34.4 58-36.2 93.9c-2.1 37-2.1 147.9 0 184.9 1.7 35.9 9.9 67.7 36.2 93.9s58 34.4 93.9 36.2c37 2.1 147.9 2.1 184.9 0 35.9-1.7 67.7-9.9 93.9-36.2 26.2-26.2 34.4-58 36.2-93.9 2.1-37 2.1-147.8 0-184.8zM398.8 388c-7.8 19.6-22.9 34.7-42.6 42.6-29.5 11.7-99.5 9-132.1 9s-102.7 2.6-132.1-9c-19.6-7.8-34.7-22.9-42.6-42.6-11.7-29.5-9-99.5-9-132.1s-2.6-102.7 9-132.1c7.8-19.6 22.9-34.7 42.6-42.6 29.5-11.7 99.5-9 132.1-9s102.7-2.6 132.1 9c19.6 7.8 34.7 22.9 42.6 42.6 11.7 29.5 9 99.5 9 132.1s2.7 102.7-9 132.1z\"><\/path><\/svg>\t\t\t\t\t<\/a>\n\t\t\t\t<\/span>\n\t\t\t\t\t\t\t<span class=\"elementor-grid-item\" role=\"listitem\">\n\t\t\t\t\t<a class=\"elementor-icon elementor-social-icon elementor-social-icon-linkedin elementor-repeater-item-c4e6225\" href=\"https:\/\/cl.linkedin.com\/company\/filtrovivo\" target=\"_blank\">\n\t\t\t\t\t\t<span class=\"elementor-screen-only\">Linkedin<\/span>\n\t\t\t\t\t\t<svg aria-hidden=\"true\" class=\"e-font-icon-svg e-fab-linkedin\" viewbox=\"0 0 448 512\" xmlns=\"http:\/\/www.w3.org\/2000\/svg\"><path d=\"M416 32H31.9C14.3 32 0 46.5 0 64.3v383.4C0 465.5 14.3 480 31.9 480H416c17.6 0 32-14.5 32-32.3V64.3c0-17.8-14.4-32.3-32-32.3zM135.4 416H69V202.2h66.5V416zm-33.2-243c-21.3 0-38.5-17.3-38.5-38.5S80.9 96 102.2 96c21.2 0 38.5 17.3 38.5 38.5 0 21.3-17.2 38.5-38.5 38.5zm282.1 243h-66.4V312c0-24.8-.5-56.7-34.5-56.7-34.6 0-39.9 27-39.9 54.9V416h-66.4V202.2h63.7v29.2h.9c8.9-16.8 30.6-34.5 62.9-34.5 67.2 0 79.7 44.3 79.7 101.9V416z\"><\/path><\/svg>\t\t\t\t\t<\/a>\n\t\t\t\t<\/span>\n\t\t\t\t\t<\/div>\n\t\t\t\t\t\t<\/div>\n\t\t\t\t<\/div>\n\t\t\t\t<\/div>\n\t\t\t\t<\/div>\n\t\t\t\t<div class=\"elementor-element elementor-element-324d645 elementor-widget elementor-widget-spacer\" data-id=\"324d645\" data-element_type=\"widget\" data-widget_type=\"spacer.default\">\n\t\t\t\t\t\t\t<div class=\"elementor-spacer\">\n\t\t\t<div class=\"elementor-spacer-inner\"><\/div>\n\t\t<\/div>\n\t\t\t\t\t\t<\/div>\n\t\t\t\t<div class=\"elementor-element elementor-element-2652713c elementor-widget elementor-widget-image\" data-id=\"2652713c\" data-element_type=\"widget\" data-widget_type=\"image.default\">\n\t\t\t\t\t\t\t\t\t\t\t\t\t\t\t<img loading=\"lazy\" decoding=\"async\" width=\"129\" height=\"24\" src=\"https:\/\/filtrovivo.cl\/wp-content\/uploads\/2025\/12\/Footer.svg\" class=\"attachment-trp-custom-language-flag size-trp-custom-language-flag wp-image-941\" alt=\"\" \/>\t\t\t\t\t\t\t\t\t\t\t\t\t\t\t<\/div>\n\t\t\t\t<div class=\"elementor-element elementor-element-19ae1129 elementor-widget elementor-widget-text-editor\" data-id=\"19ae1129\" data-element_type=\"widget\" data-widget_type=\"text-editor.default\">\n\t\t\t\t\t\t\t\t\t<p>FiltroVivo. Certified plant biofiltration system \u2013 reduces particulate matter by up to 95%. Registered trademark in Chile: HIDROSYM S.A. \u2014 FiltroVivo.<br \/>\u00a9 2025 FiltroVivo SPA \u2013 All rights reserved. Address: Miguel Claro 2051, Providencia, Santiago, Chile. Phone: (+56 2) 2274 8303 \u2013 Email: contacto@filtrovivo.cl \u2013 Registered trademark: \u201cFILTROVIVO\u201d (class 7, registration 1362236).<\/p>\t\t\t\t\t\t\t\t<\/div>\n\t\t\t\t<\/div>\n\t\t\t\t<\/div>","protected":false},"excerpt":{"rendered":"<p>Casos de \u00e9xito Qui\u00e9nes somos Contacto Casos Quienes Somos Contacto Casos de \u00e9xito Nuestro trabajo demuestra que la tecnolog\u00eda viva, adem\u00e1s de cumplir la norma, transforma el aire y el entorno. Trabajamos junto a empresas que buscan soluciones reales para el control de olores industriales, la reducci\u00f3n de material particulado y la purificaci\u00f3n del aire, [&hellip;]<\/p>","protected":false},"author":1,"featured_media":0,"parent":0,"menu_order":0,"comment_status":"closed","ping_status":"closed","template":"elementor_canvas","meta":{"footnotes":""},"class_list":["post-987","page","type-page","status-publish","hentry"],"_links":{"self":[{"href":"https:\/\/filtrovivo.cl\/en\/wp-json\/wp\/v2\/pages\/987","targetHints":{"allow":["GET"]}}],"collection":[{"href":"https:\/\/filtrovivo.cl\/en\/wp-json\/wp\/v2\/pages"}],"about":[{"href":"https:\/\/filtrovivo.cl\/en\/wp-json\/wp\/v2\/types\/page"}],"author":[{"embeddable":true,"href":"https:\/\/filtrovivo.cl\/en\/wp-json\/wp\/v2\/users\/1"}],"replies":[{"embeddable":true,"href":"https:\/\/filtrovivo.cl\/en\/wp-json\/wp\/v2\/comments?post=987"}],"version-history":[{"count":82,"href":"https:\/\/filtrovivo.cl\/en\/wp-json\/wp\/v2\/pages\/987\/revisions"}],"predecessor-version":[{"id":1518,"href":"https:\/\/filtrovivo.cl\/en\/wp-json\/wp\/v2\/pages\/987\/revisions\/1518"}],"wp:attachment":[{"href":"https:\/\/filtrovivo.cl\/en\/wp-json\/wp\/v2\/media?parent=987"}],"curies":[{"name":"wp","href":"https:\/\/api.w.org\/{rel}","templated":true}]}}